{"id":51,"date":"2012-01-27T15:46:16","date_gmt":"2012-01-27T13:46:16","guid":{"rendered":"http:\/\/www.madricecastronovo.it\/prova\/wordpress\/?page_id=51"},"modified":"2014-10-22T14:29:17","modified_gmt":"2014-10-22T12:29:17","slug":"cenni-storici-sulla-chiesa-madre","status":"publish","type":"page","link":"http:\/\/www.madricecastronovo.arcidiocesi.palermo.it\/wordpress\/?page_id=51","title":{"rendered":"Cenni storici sulla Chiesa Madre e Archivio Parrocchiale"},"content":{"rendered":"<p><a href=\"http:\/\/www.madricecastronovo.arcidiocesi.palermo.it\/wordpress\/?attachment_id=188\" rel=\"attachment wp-att-188\"><img loading=\"lazy\" class=\"wp-image-188 alignleft\" title=\"chiesa interno panoramica\" src=\"http:\/\/www.madricecastronovo.arcidiocesi.palermo.it\/wordpress\/wp-content\/uploads\/chiesa-interno-panoramica-814x1024.jpg\" alt=\"\" width=\"260\" height=\"325\" \/><\/a>La Chiesa Parrocchiale della SS. Trinit\u00e0 in Castronovo di Sicilia (Provincia e Arcidiocesi diPalermo), come costruzione, risale al 1091 ed era adibita a presidio militare tra le due grandi citt\u00e0: &#8220;Himera&#8221; ed &#8220;Akragas&#8221;.<br \/>\nRiadattata ed ampliata divenne chiesa aperta al culto il 30 ottobre del 1388 e fu poi eretta Parrocchia e consacrata il 3 maggio del 1404. I lavori iniziarono nel 1381. Fu costruita entro il muro di circonvallazione presso la &#8220;porticella&#8221; attorno al castello normanno fatto edificare dal conte Ruggero ed ampliato da Manfredi Chiaramonte nel 1375. Il castello sorgeva sull&#8217;ampia piattaforma ai piedi del Kassar ed era circondato da un largo fossato, oggi completamente ricolmato. Di esso le uniche tracce rimangono nelle due torri di cui una costituisce l&#8217;attuale campanile e l&#8217;altra l&#8217;abside della Chiesa Madre. Si possono ancora oggi notare chiari i segni dell&#8217;antica costruzione nelle mura prospicienti il salone parrocchiale e nella parte superiore interna del tetto della Chiesa stessa. La Chiesa \u00e8 situata negli ambienti dell&#8217;antico castello romano che originariamente erano adibiti in parte ad abitazione dei soldati ed in parte a prigioni. Si decise la costruzione della Chiesa nel sito attuale quando l&#8217;antichissima Comunia e l&#8217;antica Collegiata vi si trasferirono abbandonando la Chiesa Madre &#8220;Santa Maria dell&#8217;Udienza&#8221; sulla rupe di S. Vitale, antica matrice di rito greco completamente diroccata che oggi si sta cercando di recuperare e riportare all&#8217;antico splendore.<br \/>\nLa costruzione della Chiesa Madre facilit\u00f2, anzi acceler\u00f2 la trasmigrazione delle famiglie pi\u00f9 nobili, del corpo municipale e del Clero. Solo qualche pio religioso rimase nella vecchia Matrice officiata dai Preti di rito greco-bizantino, oltre che nella Chiesa del Giudice Giusto,\u00a0<img loading=\"lazy\" class=\"size-full wp-image-133 alignright\" title=\"fonte battesimale\" src=\"http:\/\/www.madricecastronovo.arcidiocesi.palermo.it\/wordpress\/wp-content\/uploads\/fonte-battesimale.jpg\" alt=\"\" width=\"94\" height=\"137\" \/>sempre sul colle.<\/p>\n<p>Siccome nella rupe di San Vitale mancava l&#8217;acqua potabile, tanto che ancora ci sono cisterne per la conservazione dell&#8217;acqua piovana, nei primi anni del 1400, i cittadini &#8211; a maggioranza &#8211; decisero di scendere nell&#8217;attuale paese e precisamente nei quartieri: \u00abPozzo\u00a0\u00a0 Pagliarelli &#8211; Bagni\u00bb che sono cos\u00ec i rioni pi\u00f9 antichi del nucleo urbano. Il primo \u00abPozzo\u00bb prese nome da un pozzo esistente in mezzo ad alcuni fabbricati rurali; il secondo \u00abPagliarelli\u00bb dalle case improvvisate con tettoie di paglia; il terzo \u00abBagni\u00bb per le acque correnti che servivano per le Concerie (esiste ancora oggi nel quartiere \u00abBadia\u00bb la via Conceria). La Chiesa Madre \u00abSantissima Trinit\u00e0\u00bb \u00e8 perci\u00f2 da considerarsi &#8211; de jure &#8211; la continuazione della precedente Chiesa Madre \u00abSanta Maria dell&#8217;Udienza\u00bb.<br \/>\nAttorno alla nuova Chiesa sorsero subito nuovi edifici.<\/p>\n<p><strong>Principali restauri<\/strong><\/p>\n<div id=\"attachment_161\" style=\"width: 133px\" class=\"wp-caption alignleft\"><a href=\"http:\/\/www.madricecastronovo.arcidiocesi.palermo.it\/wordpress\/?attachment_id=161\" rel=\"attachment wp-att-161\"><img aria-describedby=\"caption-attachment-161\" loading=\"lazy\" class=\"size-full wp-image-161 \" title=\"crocifisso dipinto\" src=\"http:\/\/www.madricecastronovo.arcidiocesi.palermo.it\/wordpress\/wp-content\/uploads\/crocifisso-dipinto.jpg\" alt=\"\" width=\"123\" height=\"227\" \/><\/a><p id=\"caption-attachment-161\" class=\"wp-caption-text\">Crocifisso dipinto su tavola del 1300<\/p><\/div>\n<div id=\"attachment_162\" style=\"width: 112px\" class=\"wp-caption alignright\"><a href=\"http:\/\/www.madricecastronovo.arcidiocesi.palermo.it\/wordpress\/?attachment_id=162\" rel=\"attachment wp-att-162\"><img aria-describedby=\"caption-attachment-162\" loading=\"lazy\" class=\"size-full wp-image-162 \" title=\"pulpito\" src=\"http:\/\/www.madricecastronovo.arcidiocesi.palermo.it\/wordpress\/wp-content\/uploads\/pulpito.jpg\" alt=\"\" width=\"102\" height=\"189\" \/><\/a><p id=\"caption-attachment-162\" class=\"wp-caption-text\">Pulpito<\/p><\/div>\n<p>-Nel 1650 si abbell\u00ec la Chiesa delle volte che in origine mancavano e di marmi policromi. Si nascose per\u00f2 la travatura antica e le iscrizioni originarie. Era Arciprete Don Pietro Billone.<br \/>\n-Nel 1724 si accrebbe l&#8217;Abside con la costruzione del coro per la collegiata e la tribuna del Corpo Municipale che prima erano nel centro della Chiesa. Era Arciprete Don Giuseppe Bellavia.<br \/>\n-Nel 1769 venne abbellita la volta ed impreziosita l&#8217;Abside con gli stucchi di Antonio Messina, stuccatore di Castronovo. Era Arciprete Don Vito Mastrangelo.<br \/>\n-Nel 1825 con l&#8217;Arciprete Don Giuseppe Carnovale venne riformato l&#8217;interno con l&#8217;intonaco e la Croce col Cristo (opera di autore ignoto del 1301), venne tolta dall&#8217;arco centrale dal quale pendeva con catena di ferro e collocata in alto sull&#8217;abside.<br \/>\n-Nel 1828 vi fu un restauro generale del Sacro tempio ad opera dell&#8217;Arciprete Don Felice Maria Traina.<br \/>\n-Nel 1878 l&#8217;Arciprete Don Giacomo Traina restaur\u00f2 ancora questo tempio e lo arricch\u00ec di mobili e di arredi. Oper\u00f2 il restauro Io stuccatore Andrea Sesta.<br \/>\n-Nel 1907, l&#8217;indomani di Pasqua, venne chiusa al culto per consentire il restauro organizzato dall&#8217;Arciprete Don Antonino Pace.<br \/>\n-Ulteriori restauri si ebbero con gli Arcipreti Don Calogero Reina e Don Bernardo Lino.<br \/>\nNel 1960 l&#8217;Arciprete Don Francesco Giordano realizz\u00f2 la coloritura generale del Sacro Tempio per interessamento del concittadino emigrato in America mr. Joseph Picone.<br \/>\nIl restauro venne diretto dal\u00a0 Prof. Antonio Platania.<br \/>\nNel 1985 con l&#8217;arciprete Don Onorio Scaglione, il I Settembre la Chiesa Madre venne chiusa al culto per consentire i lavori di consolidamento, pulitura e coloritura dell&#8217;intero edificio, la ristrutturazione del pavimento e la sistemazione completa e definitiva del tetto sia della chiesa che della torre\u00a0 campanaria. Venne riaperta al culto solennemente, il 14 Settembre del 1986, con un rito Pontificale presieduto da Sua Eminenza il Signor Card. Salvatore Pappalardo Arcivescovo di Palermo con la partecipazione dei sacerdoti del VI vicariato.<br \/>\nLa Chiesa\u00a0 Madre di Castronovo \u00e8 certamente una delle pi\u00f9 belle Chiese del circondario.<br \/>\nE un&#8217;opera veramente grande, colossale, artistica, dalle linee architettoniche molto ben definite, dalla finezza e ricchezza dei suoi stucchi e adorni.<br \/>\nIl popolo Castronovese sempre e ben a ragione \u00e8 stato fiero e santamente orgoglioso di avere costruito e di possedere un&#8217;opera cos\u00ec grandiosa, frutto dei sacrifici e dell&#8217;ingegno di intere generazioni.<\/p>\n<p><strong>Archivio Parrocchiale<\/strong><br \/>\n&#8211; Registri di battesimi, cresime, matrimoni, defunti dal 1580 a oggi<br \/>\n&#8211; &#8220;Cronicon&#8221;: diario di cronistoria parrocchiale<\/p>\n<div id=\"attachment_165\" style=\"width: 128px\" class=\"wp-caption alignnone\"><a href=\"http:\/\/www.madricecastronovo.arcidiocesi.palermo.it\/wordpress\/?attachment_id=165\" rel=\"attachment wp-att-165\"><img aria-describedby=\"caption-attachment-165\" loading=\"lazy\" class=\"size-full wp-image-165\" title=\"stipo in avorio\" src=\"http:\/\/www.madricecastronovo.arcidiocesi.palermo.it\/wordpress\/wp-content\/uploads\/stipo-in-avorio.jpg\" alt=\"\" width=\"118\" height=\"166\" \/><\/a><p id=\"caption-attachment-165\" class=\"wp-caption-text\">Stipo in avorio del 1300<\/p><\/div>\n<p><strong><br \/>\n<\/strong><\/p>\n","protected":false},"excerpt":{"rendered":"<p>La Chiesa Parrocchiale della SS. Trinit\u00e0 in Castronovo di Sicilia (Provincia e Arcidiocesi diPalermo), come costruzione, risale al 1091 ed era adibita a presidio militare tra le due grandi citt\u00e0: &#8220;Himera&#8221; ed &#8220;Akragas&#8221;. Riadattata ed ampliata divenne chiesa aperta al culto il 30 ottobre del 1388 e fu poi eretta Parrocchia e consacrata il 3 [&hellip;]<\/p>\n","protected":false},"author":1,"featured_media":0,"parent":0,"menu_order":5,"comment_status":"closed","ping_status":"closed","template":"","meta":[],"_links":{"self":[{"href":"http:\/\/www.madricecastronovo.arcidiocesi.palermo.it\/wordpress\/index.php?rest_route=\/wp\/v2\/pages\/51"}],"collection":[{"href":"http:\/\/www.madricecastronovo.arcidiocesi.palermo.it\/wordpress\/index.php?rest_route=\/wp\/v2\/pages"}],"about":[{"href":"http:\/\/www.madricecastronovo.arcidiocesi.palermo.it\/wordpress\/index.php?rest_route=\/wp\/v2\/types\/page"}],"author":[{"embeddable":true,"href":"http:\/\/www.madricecastronovo.arcidiocesi.palermo.it\/wordpress\/index.php?rest_route=\/wp\/v2\/users\/1"}],"replies":[{"embeddable":true,"href":"http:\/\/www.madricecastronovo.arcidiocesi.palermo.it\/wordpress\/index.php?rest_route=%2Fwp%2Fv2%2Fcomments&post=51"}],"version-history":[{"count":17,"href":"http:\/\/www.madricecastronovo.arcidiocesi.palermo.it\/wordpress\/index.php?rest_route=\/wp\/v2\/pages\/51\/revisions"}],"predecessor-version":[{"id":190,"href":"http:\/\/www.madricecastronovo.arcidiocesi.palermo.it\/wordpress\/index.php?rest_route=\/wp\/v2\/pages\/51\/revisions\/190"}],"wp:attachment":[{"href":"http:\/\/www.madricecastronovo.arcidiocesi.palermo.it\/wordpress\/index.php?rest_route=%2Fwp%2Fv2%2Fmedia&parent=51"}],"curies":[{"name":"wp","href":"https:\/\/api.w.org\/{rel}","templated":true}]}}